{"id":2499,"date":"2023-11-30T14:40:00","date_gmt":"2023-11-30T14:40:00","guid":{"rendered":"https:\/\/calsecfilms.com\/poitica-de-cookies\/"},"modified":"2024-01-26T09:25:37","modified_gmt":"2024-01-26T09:25:37","slug":"politica-de-cookies","status":"publish","type":"page","link":"https:\/\/calsecfilms.com\/es\/politica-de-cookies\/","title":{"rendered":"Pol\u00edtica de Cookies"},"content":{"rendered":"<div class=\"cli_pg_page_contaner\">\n<h3>Acerca de esta pol\u00edtica de cookies.<\/h3>\n<div>\n<p>Esta Pol\u00edtica de cookies explica qu\u00e9 son las cookies y c\u00f3mo las utilizamos. Debe leer esta pol\u00edtica para entender qu\u00e9 son las cookies, c\u00f3mo las utilizamos, los tipos de cookies que utilizamos, es decir, la informaci\u00f3n que recopilamos mediante cookies y c\u00f3mo se utiliza esta informaci\u00f3n y c\u00f3mo controlar las preferencias de las cookies . Para obtener m\u00e1s informaci\u00f3n sobre c\u00f3mo utilizar, almacenar y proteger sus datos personales, consulte nuestra Pol\u00edtica de privacidad.<\/p>\n<p>Puedes cambiar o retirar tu consentimiento en cualquier momento de la Declaraci\u00f3n de Cookies de nuestro sitio web.<br \/>\nObtenga m\u00e1s informaci\u00f3n sobre qui\u00e9nes somos, c\u00f3mo puede contactar con nosotros y c\u00f3mo procesamos los datos personales en nuestra Pol\u00edtica de privacidad.<br \/>\nSu consentimiento se aplica a los siguientes dominios: calsecfilms.com<\/p>\n<div class=\"wt-cli-element cli_user_consent_state\"><\/div>\n<\/div>\n<h3>\u00bfQu\u00e9 son las galletas?<\/h3>\n<div>Las cookies son peque\u00f1os archivos de texto que se utilizan para almacenar peque\u00f1as piezas de informaci\u00f3n. Las cookies se almacenan en su dispositivo cuando se carga el sitio web en su navegador. Estas cookies nos ayudan a que el sitio web funcione correctamente, a hacerlo m\u00e1s seguro, a ofrecer una mejor experiencia de usuario ya entender c\u00f3mo funciona el sitio web y analizar qu\u00e9 funciona y d\u00f3nde mejorar.<\/div>\n<h3>\u00bfC\u00f3mo utilizamos las cookies?<\/h3>\n<div>\n<p>Como la mayor\u00eda de los servicios online, nuestro sitio web utiliza cookies cookies propias y de terceros para varios prop\u00f3sitos. Las cookies propias son b\u00e1sicamente necesarias para que el sitio web funcione correctamente y no recogen ninguno de sus datos de identificaci\u00f3n personal.<\/p>\n<p>Las cookies de terceros que se utilizan en nuestros sitios web se utilizan principalmente para entender c\u00f3mo funciona el sitio web, c\u00f3mo interact\u00faa con nuestro sitio web, mantener nuestros servicios seguros, ofrecer anuncios que le sean relevantes y, todo ello, ofrecer -os una mejor y mejor experiencia de usuario y ayude a acelerar sus futuras interacciones con nuestro sitio web.<\/p>\n<\/div>\n<h3>\u00bfQu\u00e9 tipos de cookies utilizamos?<\/h3>\n<div>Las cookies utilizadas en nuestro sitio web se agrupan en las siguientes categor\u00edas.<br \/>\n<div class=\"wt-cli-element cli_cookie_category_single\"><div class=\"cli_cookie_category_single\"><h5 class=\"cli_cookie_category_single_hd\">Necesaria<\/h5><div class=\"cli_cookie_category_single_description\"><p>Las cookies necesarias son absolutamente esenciales para que el sitio web funcione correctamente. Estas cookies garantizan las funcionalidades b\u00e1sicas y caracter\u00edsticas de seguridad del sitio web, de forma an\u00f3nima.<\/p><\/div><\/div><div class=\"cli_cookie_category_single\"><h5 class=\"cli_cookie_category_single_hd\">Anal\u00edtica<\/h5><div class=\"cli_cookie_category_single_description\"><p>Las cookies anal\u00edticas se utilizan para entender c\u00f3mo interact\u00faan los visitantes con el sitio web. Estas cookies ayudan a proporcionar informaci\u00f3n sobre m\u00e9tricas de n\u00famero de visitantes, porcentaje de rebotes, fuente de tr\u00e1fico, etc.<\/p><\/div><\/div><\/div><br \/>\nLa siguiente lista detalla las cookies utilizadas en nuestro sitio web.<br \/>\n<table class=\"wt-cli-element cookielawinfo-classic cookielawinfo-row-cat-table\"><thead><tr><th scope=\"col\" class=\"cookielawinfo-column-1\">Cookie<\/th><th scope=\"col\" class=\"cookielawinfo-column-4\">Descripci\u00f3n<\/th><\/thead><tbody><\/tbody><\/table><\/div>\n<h3>\u00bfC\u00f3mo puedo controlar las preferencias de cookies?<\/h3>\n<div>\n<p>Puede gestionar sus preferencias de cookies haciendo clic en el bot\u00f3n \u00abConfiguraci\u00f3n\u00bb y activando o desactivando las categor\u00edas de cookies en la ventana emergente seg\u00fan sus preferencias.<\/p>\n<p>Si decides cambiar tus preferencias m\u00e1s tarde durante la sesi\u00f3n de navegaci\u00f3n, puedes hacer clic en la pesta\u00f1a \u00abGestiona tu consentimiento\u00bb en tu pantalla. Esto volver\u00e1 a mostrar el aviso de consentimiento que le permitir\u00e1 cambiar sus preferencias o retirar su consentimiento completamente.<\/p>\n<p>Adem\u00e1s de esto, distintos navegadores ofrecen distintos m\u00e9todos para bloquear y eliminar las cookies utilizadas por los sitios web. Puede cambiar la configuraci\u00f3n de su navegador para bloquear\/eliminar las cookies. Para obtener m\u00e1s informaci\u00f3n sobre c\u00f3mo gestionar y eliminar las cookies, visite wikipedia.org, www.allaboutcookies.org.<\/p>\n<\/div>\n<\/div>\n","protected":false},"excerpt":{"rendered":"<p>Acerca de esta pol\u00edtica de cookies. Esta Pol\u00edtica de cookies [&hellip;]<\/p>\n","protected":false},"author":1,"featured_media":0,"parent":0,"menu_order":300,"comment_status":"closed","ping_status":"closed","template":"","meta":{"footnotes":""},"class_list":["post-2499","page","type-page","status-publish","hentry"],"yoast_head":"<!-- This site is optimized with the Yoast SEO plugin v27.4 - https:\/\/yoast.com\/product\/yoast-seo-wordpress\/ -->\n<title>Pol\u00edtica de Cookies - CalSec Films<\/title>\n<meta name=\"robots\" content=\"noindex, nofollow\" \/>\n<meta property=\"og:locale\" content=\"es_ES\" \/>\n<meta property=\"og:type\" content=\"article\" \/>\n<meta property=\"og:title\" content=\"Pol\u00edtica de Cookies - CalSec Films\" \/>\n<meta property=\"og:description\" content=\"Acerca de esta pol\u00edtica de cookies. Esta Pol\u00edtica de cookies [&hellip;]\" \/>\n<meta property=\"og:url\" content=\"https:\/\/calsecfilms.com\/es\/politica-de-cookies\/\" \/>\n<meta property=\"og:site_name\" content=\"CalSec Films\" \/>\n<meta property=\"article:modified_time\" content=\"2024-01-26T09:25:37+00:00\" \/>\n<meta name=\"twitter:card\" content=\"summary_large_image\" \/>\n<meta name=\"twitter:label1\" content=\"Tiempo de lectura\" \/>\n\t<meta name=\"twitter:data1\" content=\"3 minutos\" \/>\n<script type=\"application\/ld+json\" class=\"yoast-schema-graph\">{\"@context\":\"https:\\\/\\\/schema.org\",\"@graph\":[{\"@type\":\"WebPage\",\"@id\":\"https:\\\/\\\/calsecfilms.com\\\/es\\\/politica-de-cookies\\\/\",\"url\":\"https:\\\/\\\/calsecfilms.com\\\/es\\\/politica-de-cookies\\\/\",\"name\":\"Pol\u00edtica de Cookies - CalSec Films\",\"isPartOf\":{\"@id\":\"https:\\\/\\\/calsecfilms.com\\\/es\\\/#website\"},\"datePublished\":\"2023-11-30T14:40:00+00:00\",\"dateModified\":\"2024-01-26T09:25:37+00:00\",\"breadcrumb\":{\"@id\":\"https:\\\/\\\/calsecfilms.com\\\/es\\\/politica-de-cookies\\\/#breadcrumb\"},\"inLanguage\":\"es\",\"potentialAction\":[{\"@type\":\"ReadAction\",\"target\":[\"https:\\\/\\\/calsecfilms.com\\\/es\\\/politica-de-cookies\\\/\"]}]},{\"@type\":\"BreadcrumbList\",\"@id\":\"https:\\\/\\\/calsecfilms.com\\\/es\\\/politica-de-cookies\\\/#breadcrumb\",\"itemListElement\":[{\"@type\":\"ListItem\",\"position\":1,\"name\":\"Portada\",\"item\":\"https:\\\/\\\/calsecfilms.com\\\/es\\\/inicio\\\/\"},{\"@type\":\"ListItem\",\"position\":2,\"name\":\"Pol\u00edtica de Cookies\"}]},{\"@type\":\"WebSite\",\"@id\":\"https:\\\/\\\/calsecfilms.com\\\/es\\\/#website\",\"url\":\"https:\\\/\\\/calsecfilms.com\\\/es\\\/\",\"name\":\"CalSec Films\",\"description\":\"Productora de cinema i teatre\",\"publisher\":{\"@id\":\"https:\\\/\\\/calsecfilms.com\\\/es\\\/#organization\"},\"potentialAction\":[{\"@type\":\"SearchAction\",\"target\":{\"@type\":\"EntryPoint\",\"urlTemplate\":\"https:\\\/\\\/calsecfilms.com\\\/es\\\/?s={search_term_string}\"},\"query-input\":{\"@type\":\"PropertyValueSpecification\",\"valueRequired\":true,\"valueName\":\"search_term_string\"}}],\"inLanguage\":\"es\"},{\"@type\":\"Organization\",\"@id\":\"https:\\\/\\\/calsecfilms.com\\\/es\\\/#organization\",\"name\":\"Calsec Films\",\"url\":\"https:\\\/\\\/calsecfilms.com\\\/es\\\/\",\"logo\":{\"@type\":\"ImageObject\",\"inLanguage\":\"es\",\"@id\":\"https:\\\/\\\/calsecfilms.com\\\/es\\\/#\\\/schema\\\/logo\\\/image\\\/\",\"url\":\"https:\\\/\\\/calsecfilms.com\\\/wp-content\\\/uploads\\\/2023\\\/10\\\/cropped-calsec-films.png\",\"contentUrl\":\"https:\\\/\\\/calsecfilms.com\\\/wp-content\\\/uploads\\\/2023\\\/10\\\/cropped-calsec-films.png\",\"width\":512,\"height\":512,\"caption\":\"Calsec Films\"},\"image\":{\"@id\":\"https:\\\/\\\/calsecfilms.com\\\/es\\\/#\\\/schema\\\/logo\\\/image\\\/\"}}]}<\/script>\n<!-- \/ Yoast SEO plugin. -->","yoast_head_json":{"title":"Pol\u00edtica de Cookies - CalSec Films","robots":{"index":"noindex","follow":"nofollow"},"og_locale":"es_ES","og_type":"article","og_title":"Pol\u00edtica de Cookies - CalSec Films","og_description":"Acerca de esta pol\u00edtica de cookies. Esta Pol\u00edtica de cookies [&hellip;]","og_url":"https:\/\/calsecfilms.com\/es\/politica-de-cookies\/","og_site_name":"CalSec Films","article_modified_time":"2024-01-26T09:25:37+00:00","twitter_card":"summary_large_image","twitter_misc":{"Tiempo de lectura":"3 minutos"},"schema":{"@context":"https:\/\/schema.org","@graph":[{"@type":"WebPage","@id":"https:\/\/calsecfilms.com\/es\/politica-de-cookies\/","url":"https:\/\/calsecfilms.com\/es\/politica-de-cookies\/","name":"Pol\u00edtica de Cookies - CalSec Films","isPartOf":{"@id":"https:\/\/calsecfilms.com\/es\/#website"},"datePublished":"2023-11-30T14:40:00+00:00","dateModified":"2024-01-26T09:25:37+00:00","breadcrumb":{"@id":"https:\/\/calsecfilms.com\/es\/politica-de-cookies\/#breadcrumb"},"inLanguage":"es","potentialAction":[{"@type":"ReadAction","target":["https:\/\/calsecfilms.com\/es\/politica-de-cookies\/"]}]},{"@type":"BreadcrumbList","@id":"https:\/\/calsecfilms.com\/es\/politica-de-cookies\/#breadcrumb","itemListElement":[{"@type":"ListItem","position":1,"name":"Portada","item":"https:\/\/calsecfilms.com\/es\/inicio\/"},{"@type":"ListItem","position":2,"name":"Pol\u00edtica de Cookies"}]},{"@type":"WebSite","@id":"https:\/\/calsecfilms.com\/es\/#website","url":"https:\/\/calsecfilms.com\/es\/","name":"CalSec Films","description":"Productora de cinema i teatre","publisher":{"@id":"https:\/\/calsecfilms.com\/es\/#organization"},"potentialAction":[{"@type":"SearchAction","target":{"@type":"EntryPoint","urlTemplate":"https:\/\/calsecfilms.com\/es\/?s={search_term_string}"},"query-input":{"@type":"PropertyValueSpecification","valueRequired":true,"valueName":"search_term_string"}}],"inLanguage":"es"},{"@type":"Organization","@id":"https:\/\/calsecfilms.com\/es\/#organization","name":"Calsec Films","url":"https:\/\/calsecfilms.com\/es\/","logo":{"@type":"ImageObject","inLanguage":"es","@id":"https:\/\/calsecfilms.com\/es\/#\/schema\/logo\/image\/","url":"https:\/\/calsecfilms.com\/wp-content\/uploads\/2023\/10\/cropped-calsec-films.png","contentUrl":"https:\/\/calsecfilms.com\/wp-content\/uploads\/2023\/10\/cropped-calsec-films.png","width":512,"height":512,"caption":"Calsec Films"},"image":{"@id":"https:\/\/calsecfilms.com\/es\/#\/schema\/logo\/image\/"}}]}},"_links":{"self":[{"href":"https:\/\/calsecfilms.com\/es\/wp-json\/wp\/v2\/pages\/2499","targetHints":{"allow":["GET"]}}],"collection":[{"href":"https:\/\/calsecfilms.com\/es\/wp-json\/wp\/v2\/pages"}],"about":[{"href":"https:\/\/calsecfilms.com\/es\/wp-json\/wp\/v2\/types\/page"}],"author":[{"embeddable":true,"href":"https:\/\/calsecfilms.com\/es\/wp-json\/wp\/v2\/users\/1"}],"replies":[{"embeddable":true,"href":"https:\/\/calsecfilms.com\/es\/wp-json\/wp\/v2\/comments?post=2499"}],"version-history":[{"count":4,"href":"https:\/\/calsecfilms.com\/es\/wp-json\/wp\/v2\/pages\/2499\/revisions"}],"predecessor-version":[{"id":2505,"href":"https:\/\/calsecfilms.com\/es\/wp-json\/wp\/v2\/pages\/2499\/revisions\/2505"}],"wp:attachment":[{"href":"https:\/\/calsecfilms.com\/es\/wp-json\/wp\/v2\/media?parent=2499"}],"curies":[{"name":"wp","href":"https:\/\/api.w.org\/{rel}","templated":true}]}}