{"id":2494,"date":"2023-11-30T14:40:00","date_gmt":"2023-11-30T14:40:00","guid":{"rendered":"https:\/\/calsecfilms.com\/?page_id=2494"},"modified":"2024-01-26T09:21:48","modified_gmt":"2024-01-26T09:21:48","slug":"politica-de-cookies","status":"publish","type":"page","link":"https:\/\/calsecfilms.com\/ca\/politica-de-cookies\/","title":{"rendered":"Pol\u00edtica de Cookies"},"content":{"rendered":"<div class=\"cli_pg_page_contaner\">\n<h3>Sobre aquesta pol\u00edtica de cookies.<\/h3>\n<div>\n<p>Aquesta Pol\u00edtica de galetes explica qu\u00e8 s\u00f3n les galetes i com les fem servir. Heu de llegir aquesta pol\u00edtica per entendre qu\u00e8 s\u00f3n les galetes, com les fem servir, els tipus de galetes que fem servir, \u00e9s a dir, la informaci\u00f3 que recopilem mitjan\u00e7ant galetes i com s&#8217;utilitza aquesta informaci\u00f3 i com controlar les prefer\u00e8ncies de les galetes. Per obtenir m\u00e9s informaci\u00f3 sobre com fem servir, emmagatzemar i protegir les vostres dades personals, consulteu la nostra Pol\u00edtica de privadesa.<\/p>\n<p>Pots canviar o retirar el teu consentiment en qualsevol moment de la Declaraci\u00f3 de galetes del nostre lloc web.<br \/>\nObteniu m\u00e9s informaci\u00f3 sobre qui som, com podeu contactar amb nosaltres i com processem les dades personals a la nostra Pol\u00edtica de privadesa.<br \/>\nEl vostre consentiment s&#8217;aplica als dominis seg\u00fcents: calsecfilms.com<br \/>\n<div class=\"wt-cli-element cli_user_consent_state\"><\/div><\/p>\n<\/div>\n<h3>Qu\u00e8 s\u00f3n les galetes?<\/h3>\n<div>Les galetes s\u00f3n petits fitxers de text que s&#8217;utilitzen per emmagatzemar petites peces d&#8217;informaci\u00f3. Les cookies s&#8217;emmagatzemen al vostre dispositiu quan es carrega el lloc web al vostre navegador. Aquestes cookies ens ajuden a fer que el lloc web funcioni correctament, a fer-lo m\u00e9s segur, a oferir una millor experi\u00e8ncia d&#8217;usuari i a entendre com funciona el lloc web i a analitzar qu\u00e8 funciona i on cal millorar.<\/div>\n<h3>Com fem servir les cookies?<\/h3>\n<div>\n<p>Com la majoria dels serveis en l\u00ednia, el nostre lloc web utilitza galetes galetes pr\u00f2pies i de tercers per a diversos prop\u00f2sits. Les galetes pr\u00f2pies s\u00f3n b\u00e0sicament necess\u00e0ries perqu\u00e8 el lloc web funcioni correctament i no recullen cap de les vostres dades d&#8217;identificaci\u00f3 personal.<\/p>\n<p>Les galetes de tercers que s&#8217;utilitzen als nostres llocs web s&#8217;utilitzen principalment per entendre com funciona el lloc web, com interactueu amb el nostre lloc web, mantenir els nostres serveis segurs, oferir anuncis que us siguin rellevants i, tot plegat, oferir-vos un millor i millor experi\u00e8ncia d&#8217;usuari i ajudeu a accelerar les vostres futures interaccions amb el nostre lloc web.<\/p>\n<\/div>\n<h3>Quins tipus de cookies utilitzem?<\/h3>\n<div>Les cookies utilitzades al nostre lloc web s&#8217;agrupen en les categories seg\u00fcents.<br \/>\n<div class=\"wt-cli-element cli_cookie_category_single\"><div class=\"cli_cookie_category_single\"><h5 class=\"cli_cookie_category_single_hd\">Necess\u00e0ria<\/h5><div class=\"cli_cookie_category_single_description\"><p>Les cookies necess\u00e0ries s\u00f3n absolutament essencials perqu\u00e8 el lloc web funcioni correctament. Aquestes cookies garanteixen les funcionalitats b\u00e0siques i les caracter\u00edstiques de seguretat del lloc web, de forma an\u00f2nima.\r\n<table class=\"wt-cli-element cookielawinfo-row-cat-table cookielawinfo-winter\"><thead><tr><th scope=\"col\" class=\"cookielawinfo-column-1\">Cookie<\/th><th scope=\"col\" class=\"cookielawinfo-column-3\">Durada<\/th><th scope=\"col\" class=\"cookielawinfo-column-4\">Descripci\u00f3<\/th><\/tr><\/thead><tbody><tr class=\"cookielawinfo-row\"><td class=\"cookielawinfo-column-1\">cookielawinfo-checkbox-analytics<\/td><td class=\"cookielawinfo-column-3\">11 mesos<\/td><td class=\"cookielawinfo-column-4\">Aquesta galeta l'estableix el connector de consentiment de galetes de GDPR. La cookie s'utilitza per emmagatzemar el consentiment de l'usuari per a les cookies de la categoria \"Anal\u00edtica\".<\/td><\/tr><tr class=\"cookielawinfo-row\"><td class=\"cookielawinfo-column-1\">cookielawinfo-checkbox-functional<\/td><td class=\"cookielawinfo-column-3\">11 mesos<\/td><td class=\"cookielawinfo-column-4\">La cookie s'estableix pel consentiment de la cookie GDPR per registrar el consentiment de l'usuari per a les cookies a la categoria \"Funcionals\".\r\n<\/td><\/tr><tr class=\"cookielawinfo-row\"><td class=\"cookielawinfo-column-1\">cookielawinfo-checkbox-necessary<\/td><td class=\"cookielawinfo-column-3\">11 mesos<\/td><td class=\"cookielawinfo-column-4\">Aquesta galeta l'estableix el connector de consentiment de galetes de GDPR. Les cookies s'utilitzen per emmagatzemar el consentiment de l'usuari per a les cookies de la categoria \"Necess\u00e0ries\".\r\n<\/td><\/tr><tr class=\"cookielawinfo-row\"><td class=\"cookielawinfo-column-1\">cookielawinfo-checkbox-others<\/td><td class=\"cookielawinfo-column-3\">11 mesos<\/td><td class=\"cookielawinfo-column-4\">Aquesta galeta l'estableix el connector de consentiment de galetes de GDPR. La cookie s'utilitza per emmagatzemar el consentiment de l'usuari per a les cookies de la categoria \"Altres.<\/td><\/tr><tr class=\"cookielawinfo-row\"><td class=\"cookielawinfo-column-1\">cookielawinfo-checkbox-performance<\/td><td class=\"cookielawinfo-column-3\">11 mesos<\/td><td class=\"cookielawinfo-column-4\">Aquesta galeta l'estableix el connector de consentiment de galetes de GDPR. La cookie s'utilitza per emmagatzemar el consentiment de l'usuari per a les cookies de la categoria \"Rendiment\".<\/td><\/tr><tr class=\"cookielawinfo-row\"><td class=\"cookielawinfo-column-1\">CookieLawInfoConsent<\/td><td class=\"cookielawinfo-column-3\">1 any<\/td><td class=\"cookielawinfo-column-4\">CookieYes configura aquesta galeta per registrar l'estat del bot\u00f3 predeterminat de la categoria corresponent i l'estat de CCPA. Nom\u00e9s funciona en coordinaci\u00f3 amb la galeta principal.<\/td><\/tr><tr class=\"cookielawinfo-row\"><td class=\"cookielawinfo-column-1\">viewed_cookie_policy<\/td><td class=\"cookielawinfo-column-3\">11 mesos<\/td><td class=\"cookielawinfo-column-4\">La galeta la configura el connector de consentiment de galetes GDPR i s'utilitza per emmagatzemar si l'usuari ha consentit o no l'\u00fas de galetes. No emmagatzema cap dada personal.<\/td><\/tr><\/tbody><\/table><\/p><\/div><\/div><div class=\"cli_cookie_category_single\"><h5 class=\"cli_cookie_category_single_hd\">Anal\u00edtica<\/h5><div class=\"cli_cookie_category_single_description\"><p>Les cookies anal\u00edtiques s'utilitzen per entendre com interactuen els visitants amb el lloc web. Aquestes cookies ajuden a proporcionar informaci\u00f3 sobre m\u00e8triques de nombre de visitants, percentatge de rebots, font de tr\u00e0nsit, etc.\r\n<\/p><\/div><\/div><div class=\"cli_cookie_category_single\"><h5 class=\"cli_cookie_category_single_hd\">Functional<\/h5><div class=\"cli_cookie_category_single_description\"><p>Functional cookies help to perform certain functionalities like sharing the content of the website on social media platforms, collect feedbacks, and other third-party features.\n<table class=\"wt-cli-element cookielawinfo-row-cat-table cookielawinfo-winter\"><thead><tr><th scope=\"col\" class=\"cookielawinfo-column-1\">Cookie<\/th><th scope=\"col\" class=\"cookielawinfo-column-3\">Durada<\/th><th scope=\"col\" class=\"cookielawinfo-column-4\">Descripci\u00f3<\/th><\/tr><\/thead><tbody><tr class=\"cookielawinfo-row\"><td class=\"cookielawinfo-column-1\">wp-wpml_current_language<\/td><td class=\"cookielawinfo-column-3\">sessi\u00f3<\/td><td class=\"cookielawinfo-column-4\">El connector multiling\u00fce de WordPress configura aquesta galeta per emmagatzemar la configuraci\u00f3 actual d'idioma\/idioma.<\/td><\/tr><\/tbody><\/table><\/p><\/div><\/div><\/div><br \/>\nLa llista seg\u00fcent detalla les galetes utilitzades al nostre lloc web.<br \/>\n<table class=\"wt-cli-element cookielawinfo-classic cookielawinfo-row-cat-table\"><thead><tr><th scope=\"col\" class=\"cookielawinfo-column-1\">Cookie<\/th><th scope=\"col\" class=\"cookielawinfo-column-4\">Descripci\u00f3<\/th><\/thead><tbody><tr class=\"cookielawinfo-row-cat-title\"><th colspan=\"2\" class=\"cookielawinfo-row-cat-title-head\">Necess\u00e0ria<\/th><\/tr><tr class=\"cookielawinfo-row\"><td class=\"cookielawinfo-column-1\">CookieLawInfoConsent<\/td><td class=\"cookielawinfo-column-4\">CookieYes configura aquesta galeta per registrar l'estat del bot\u00f3 predeterminat de la categoria corresponent i l'estat de CCPA. Nom\u00e9s funciona en coordinaci\u00f3 amb la galeta principal.<\/td><\/tr><tr class=\"cookielawinfo-row\"><td class=\"cookielawinfo-column-1\">viewed_cookie_policy<\/td><td class=\"cookielawinfo-column-4\">La galeta la configura el connector de consentiment de galetes GDPR i s'utilitza per emmagatzemar si l'usuari ha consentit o no l'\u00fas de galetes. No emmagatzema cap dada personal.<\/td><\/tr><tr class=\"cookielawinfo-row\"><td class=\"cookielawinfo-column-1\">cookielawinfo-checkbox-necessary<\/td><td class=\"cookielawinfo-column-4\">Aquesta galeta l'estableix el connector de consentiment de galetes de GDPR. Les cookies s'utilitzen per emmagatzemar el consentiment de l'usuari per a les cookies de la categoria \"Necess\u00e0ries\".\r\n<\/td><\/tr><tr class=\"cookielawinfo-row\"><td class=\"cookielawinfo-column-1\">cookielawinfo-checkbox-functional<\/td><td class=\"cookielawinfo-column-4\">La cookie s'estableix pel consentiment de la cookie GDPR per registrar el consentiment de l'usuari per a les cookies a la categoria \"Funcionals\".\r\n<\/td><\/tr><tr class=\"cookielawinfo-row\"><td class=\"cookielawinfo-column-1\">cookielawinfo-checkbox-performance<\/td><td class=\"cookielawinfo-column-4\">Aquesta galeta l'estableix el connector de consentiment de galetes de GDPR. La cookie s'utilitza per emmagatzemar el consentiment de l'usuari per a les cookies de la categoria \"Rendiment\".<\/td><\/tr><tr class=\"cookielawinfo-row\"><td class=\"cookielawinfo-column-1\">cookielawinfo-checkbox-analytics<\/td><td class=\"cookielawinfo-column-4\">Aquesta galeta l'estableix el connector de consentiment de galetes de GDPR. La cookie s'utilitza per emmagatzemar el consentiment de l'usuari per a les cookies de la categoria \"Anal\u00edtica\".<\/td><\/tr><tr class=\"cookielawinfo-row\"><td class=\"cookielawinfo-column-1\">cookielawinfo-checkbox-others<\/td><td class=\"cookielawinfo-column-4\">Aquesta galeta l'estableix el connector de consentiment de galetes de GDPR. La cookie s'utilitza per emmagatzemar el consentiment de l'usuari per a les cookies de la categoria \"Altres.<\/td><\/tr><tr class=\"cookielawinfo-row-cat-title\"><th colspan=\"2\" class=\"cookielawinfo-row-cat-title-head\">Functional<\/th><\/tr><tr class=\"cookielawinfo-row\"><td class=\"cookielawinfo-column-1\">wp-wpml_current_language<\/td><td class=\"cookielawinfo-column-4\">El connector multiling\u00fce de WordPress configura aquesta galeta per emmagatzemar la configuraci\u00f3 actual d'idioma\/idioma.<\/td><\/tr><\/tbody><\/table><\/div>\n<h3>Com puc controlar les prefer\u00e8ncies de les galetes?<\/h3>\n<div>\n<p>Podeu gestionar les vostres prefer\u00e8ncies de galetes fent clic al bot\u00f3 &#8220;Configuraci\u00f3&#8221; i activant o desactivant les categories de galetes a la finestra emergent segons les vostres prefer\u00e8ncies.<\/p>\n<p>Si decideixes canviar les teves prefer\u00e8ncies m\u00e9s tard durant la sessi\u00f3 de navegaci\u00f3, pots fer clic a la pestanya &#8220;Gestiona el consentiment&#8221; a la teva pantalla. Aix\u00f2 tornar\u00e0 a mostrar l&#8217;av\u00eds de consentiment que us permetr\u00e0 canviar les vostres prefer\u00e8ncies o retirar el vostre consentiment completament.<\/p>\n<p>A m\u00e9s d&#8217;aix\u00f2, diferents navegadors ofereixen diferents m\u00e8todes per bloquejar i eliminar les cookies utilitzades pels llocs web. Podeu canviar la configuraci\u00f3 del vostre navegador per bloquejar\/eliminar les galetes. Per obtenir m\u00e9s informaci\u00f3 sobre com gestionar i eliminar les galetes, visiteu wikipedia.org, www.allaboutcookies.org.<\/p>\n<\/div>\n<\/div>\n","protected":false},"excerpt":{"rendered":"<p>Sobre aquesta pol\u00edtica de cookies. Aquesta Pol\u00edtica de galetes explica [&hellip;]<\/p>\n","protected":false},"author":1,"featured_media":0,"parent":0,"menu_order":300,"comment_status":"closed","ping_status":"closed","template":"","meta":{"footnotes":""},"class_list":["post-2494","page","type-page","status-publish","hentry"],"yoast_head":"<!-- This site is optimized with the Yoast SEO plugin v27.4 - https:\/\/yoast.com\/product\/yoast-seo-wordpress\/ -->\n<title>Pol\u00edtica de Cookies - CalSec Films<\/title>\n<meta name=\"robots\" content=\"noindex, nofollow\" \/>\n<meta property=\"og:locale\" content=\"ca_ES\" \/>\n<meta property=\"og:type\" content=\"article\" \/>\n<meta property=\"og:title\" content=\"Pol\u00edtica de Cookies - CalSec Films\" \/>\n<meta property=\"og:description\" content=\"Sobre aquesta pol\u00edtica de cookies. Aquesta Pol\u00edtica de galetes explica [&hellip;]\" \/>\n<meta property=\"og:url\" content=\"https:\/\/calsecfilms.com\/ca\/politica-de-cookies\/\" \/>\n<meta property=\"og:site_name\" content=\"CalSec Films\" \/>\n<meta property=\"article:modified_time\" content=\"2024-01-26T09:21:48+00:00\" \/>\n<meta name=\"twitter:card\" content=\"summary_large_image\" \/>\n<meta name=\"twitter:label1\" content=\"Temps estimat de lectura\" \/>\n\t<meta name=\"twitter:data1\" content=\"6 minuts\" \/>\n<script type=\"application\/ld+json\" class=\"yoast-schema-graph\">{\"@context\":\"https:\\\/\\\/schema.org\",\"@graph\":[{\"@type\":\"WebPage\",\"@id\":\"https:\\\/\\\/calsecfilms.com\\\/ca\\\/politica-de-cookies\\\/\",\"url\":\"https:\\\/\\\/calsecfilms.com\\\/ca\\\/politica-de-cookies\\\/\",\"name\":\"Pol\u00edtica de Cookies - CalSec Films\",\"isPartOf\":{\"@id\":\"https:\\\/\\\/calsecfilms.com\\\/ca\\\/#website\"},\"datePublished\":\"2023-11-30T14:40:00+00:00\",\"dateModified\":\"2024-01-26T09:21:48+00:00\",\"breadcrumb\":{\"@id\":\"https:\\\/\\\/calsecfilms.com\\\/ca\\\/politica-de-cookies\\\/#breadcrumb\"},\"inLanguage\":\"ca\",\"potentialAction\":[{\"@type\":\"ReadAction\",\"target\":[\"https:\\\/\\\/calsecfilms.com\\\/ca\\\/politica-de-cookies\\\/\"]}]},{\"@type\":\"BreadcrumbList\",\"@id\":\"https:\\\/\\\/calsecfilms.com\\\/ca\\\/politica-de-cookies\\\/#breadcrumb\",\"itemListElement\":[{\"@type\":\"ListItem\",\"position\":1,\"name\":\"Portada\",\"item\":\"https:\\\/\\\/calsecfilms.com\\\/ca\\\/\"},{\"@type\":\"ListItem\",\"position\":2,\"name\":\"Pol\u00edtica de Cookies\"}]},{\"@type\":\"WebSite\",\"@id\":\"https:\\\/\\\/calsecfilms.com\\\/ca\\\/#website\",\"url\":\"https:\\\/\\\/calsecfilms.com\\\/ca\\\/\",\"name\":\"CalSec Films\",\"description\":\"Productora de cinema i teatre\",\"publisher\":{\"@id\":\"https:\\\/\\\/calsecfilms.com\\\/ca\\\/#organization\"},\"potentialAction\":[{\"@type\":\"SearchAction\",\"target\":{\"@type\":\"EntryPoint\",\"urlTemplate\":\"https:\\\/\\\/calsecfilms.com\\\/ca\\\/?s={search_term_string}\"},\"query-input\":{\"@type\":\"PropertyValueSpecification\",\"valueRequired\":true,\"valueName\":\"search_term_string\"}}],\"inLanguage\":\"ca\"},{\"@type\":\"Organization\",\"@id\":\"https:\\\/\\\/calsecfilms.com\\\/ca\\\/#organization\",\"name\":\"Calsec Films\",\"url\":\"https:\\\/\\\/calsecfilms.com\\\/ca\\\/\",\"logo\":{\"@type\":\"ImageObject\",\"inLanguage\":\"ca\",\"@id\":\"https:\\\/\\\/calsecfilms.com\\\/ca\\\/#\\\/schema\\\/logo\\\/image\\\/\",\"url\":\"https:\\\/\\\/calsecfilms.com\\\/wp-content\\\/uploads\\\/2023\\\/10\\\/cropped-calsec-films.png\",\"contentUrl\":\"https:\\\/\\\/calsecfilms.com\\\/wp-content\\\/uploads\\\/2023\\\/10\\\/cropped-calsec-films.png\",\"width\":512,\"height\":512,\"caption\":\"Calsec Films\"},\"image\":{\"@id\":\"https:\\\/\\\/calsecfilms.com\\\/ca\\\/#\\\/schema\\\/logo\\\/image\\\/\"}}]}<\/script>\n<!-- \/ Yoast SEO plugin. -->","yoast_head_json":{"title":"Pol\u00edtica de Cookies - CalSec Films","robots":{"index":"noindex","follow":"nofollow"},"og_locale":"ca_ES","og_type":"article","og_title":"Pol\u00edtica de Cookies - CalSec Films","og_description":"Sobre aquesta pol\u00edtica de cookies. Aquesta Pol\u00edtica de galetes explica [&hellip;]","og_url":"https:\/\/calsecfilms.com\/ca\/politica-de-cookies\/","og_site_name":"CalSec Films","article_modified_time":"2024-01-26T09:21:48+00:00","twitter_card":"summary_large_image","twitter_misc":{"Temps estimat de lectura":"6 minuts"},"schema":{"@context":"https:\/\/schema.org","@graph":[{"@type":"WebPage","@id":"https:\/\/calsecfilms.com\/ca\/politica-de-cookies\/","url":"https:\/\/calsecfilms.com\/ca\/politica-de-cookies\/","name":"Pol\u00edtica de Cookies - CalSec Films","isPartOf":{"@id":"https:\/\/calsecfilms.com\/ca\/#website"},"datePublished":"2023-11-30T14:40:00+00:00","dateModified":"2024-01-26T09:21:48+00:00","breadcrumb":{"@id":"https:\/\/calsecfilms.com\/ca\/politica-de-cookies\/#breadcrumb"},"inLanguage":"ca","potentialAction":[{"@type":"ReadAction","target":["https:\/\/calsecfilms.com\/ca\/politica-de-cookies\/"]}]},{"@type":"BreadcrumbList","@id":"https:\/\/calsecfilms.com\/ca\/politica-de-cookies\/#breadcrumb","itemListElement":[{"@type":"ListItem","position":1,"name":"Portada","item":"https:\/\/calsecfilms.com\/ca\/"},{"@type":"ListItem","position":2,"name":"Pol\u00edtica de Cookies"}]},{"@type":"WebSite","@id":"https:\/\/calsecfilms.com\/ca\/#website","url":"https:\/\/calsecfilms.com\/ca\/","name":"CalSec Films","description":"Productora de cinema i teatre","publisher":{"@id":"https:\/\/calsecfilms.com\/ca\/#organization"},"potentialAction":[{"@type":"SearchAction","target":{"@type":"EntryPoint","urlTemplate":"https:\/\/calsecfilms.com\/ca\/?s={search_term_string}"},"query-input":{"@type":"PropertyValueSpecification","valueRequired":true,"valueName":"search_term_string"}}],"inLanguage":"ca"},{"@type":"Organization","@id":"https:\/\/calsecfilms.com\/ca\/#organization","name":"Calsec Films","url":"https:\/\/calsecfilms.com\/ca\/","logo":{"@type":"ImageObject","inLanguage":"ca","@id":"https:\/\/calsecfilms.com\/ca\/#\/schema\/logo\/image\/","url":"https:\/\/calsecfilms.com\/wp-content\/uploads\/2023\/10\/cropped-calsec-films.png","contentUrl":"https:\/\/calsecfilms.com\/wp-content\/uploads\/2023\/10\/cropped-calsec-films.png","width":512,"height":512,"caption":"Calsec Films"},"image":{"@id":"https:\/\/calsecfilms.com\/ca\/#\/schema\/logo\/image\/"}}]}},"_links":{"self":[{"href":"https:\/\/calsecfilms.com\/ca\/wp-json\/wp\/v2\/pages\/2494","targetHints":{"allow":["GET"]}}],"collection":[{"href":"https:\/\/calsecfilms.com\/ca\/wp-json\/wp\/v2\/pages"}],"about":[{"href":"https:\/\/calsecfilms.com\/ca\/wp-json\/wp\/v2\/types\/page"}],"author":[{"embeddable":true,"href":"https:\/\/calsecfilms.com\/ca\/wp-json\/wp\/v2\/users\/1"}],"replies":[{"embeddable":true,"href":"https:\/\/calsecfilms.com\/ca\/wp-json\/wp\/v2\/comments?post=2494"}],"version-history":[{"count":3,"href":"https:\/\/calsecfilms.com\/ca\/wp-json\/wp\/v2\/pages\/2494\/revisions"}],"predecessor-version":[{"id":2503,"href":"https:\/\/calsecfilms.com\/ca\/wp-json\/wp\/v2\/pages\/2494\/revisions\/2503"}],"wp:attachment":[{"href":"https:\/\/calsecfilms.com\/ca\/wp-json\/wp\/v2\/media?parent=2494"}],"curies":[{"name":"wp","href":"https:\/\/api.w.org\/{rel}","templated":true}]}}