{"id":1781,"date":"2023-10-02T09:26:16","date_gmt":"2023-10-02T09:26:16","guid":{"rendered":"https:\/\/calsecfilms.com\/?page_id=1781"},"modified":"2024-01-26T09:22:15","modified_gmt":"2024-01-26T09:22:15","slug":"kit-digital","status":"publish","type":"page","link":"https:\/\/calsecfilms.com\/ca\/kit-digital\/","title":{"rendered":"Kit digital"},"content":{"rendered":"<div class=\"fusion-fullwidth fullwidth-box fusion-builder-row-1 fusion-flex-container nonhundred-percent-fullwidth non-hundred-percent-height-scrolling\" style=\"--awb-border-radius-top-left:0px;--awb-border-radius-top-right:0px;--awb-border-radius-bottom-right:0px;--awb-border-radius-bottom-left:0px;--awb-padding-right:0px;--awb-flex-wrap:wrap;\" ><div class=\"fusion-builder-row fusion-row fusion-flex-align-items-flex-start fusion-flex-content-wrap\" style=\"max-width:1404px;margin-left: calc(-4% \/ 2 );margin-right: calc(-4% \/ 2 );\"><div class=\"fusion-layout-column fusion_builder_column fusion-builder-column-0 fusion_builder_column_1_1 1_1 fusion-flex-column\" style=\"--awb-bg-blend:overlay;--awb-bg-size:cover;--awb-width-large:100%;--awb-margin-top-large:0px;--awb-spacing-right-large:1.92%;--awb-margin-bottom-large:0px;--awb-spacing-left-large:1.92%;--awb-width-medium:100%;--awb-spacing-right-medium:1.92%;--awb-spacing-left-medium:1.92%;--awb-width-small:100%;--awb-spacing-right-small:1.92%;--awb-spacing-left-small:1.92%;\"><div class=\"fusion-column-wrapper fusion-flex-justify-content-flex-start fusion-content-layout-column\"><div class=\"fusion-text fusion-text-1\"><div id=\"primary\" class=\"fullwidth\" style=\"text-align: justify;\"><span style=\"background-color: var(--awb-bg-color-hover); color: var(--awb-text-color); font-family: var(--awb-text-font-family); font-size: var(--awb-font-size); font-style: var(--awb-text-font-style); font-weight: var(--awb-text-font-weight); letter-spacing: var(--awb-letter-spacing); text-transform: var(--awb-text-transform);\">Finan\u00e7at per la Uni\u00f3 Europea \u2013 NextGenerationEU. Tot i aix\u00f2, els punts de vista i les opinions expressades s\u00f3n \u00fanicament els de l&#8217;autor o autors i no reflecteixen necess\u00e0riament els de la Uni\u00f3 Europea o la Comissi\u00f3 Europea. Ni la Uni\u00f3 Europea ni la Comissi\u00f3 Europea poden ser considerades responsables de les mateixes.<\/span><\/div>\n<p style=\"text-align: justify;\"><span style=\"background-color: var(--awb-bg-color-hover); color: var(--awb-text-color); font-family: var(--awb-text-font-family); font-size: var(--awb-font-size); font-style: var(--awb-text-font-style); font-weight: var(--awb-text-font-weight); letter-spacing: var(--awb-letter-spacing); text-transform: var(--awb-text-transform);\"><br \/><\/span><\/p>\n<\/p>\n<p>\n<span class=\" fusion-imageframe imageframe-none imageframe-2 hover-type-none\"><img decoding=\"async\" class=\"img-responsive wp-image-1157 lazyautosizes lazyloaded\" title=\"Captura de pantalla 2023-06-08 a les 15.14.15\" src=\"https:\/\/www.centreayurvedascf.com\/wp-content\/uploads\/2023\/06\/Captura-de-pantalla-2023-06-08-a-les-15.14.15.png\" sizes=\"1140px\" srcset=\"https:\/\/www.centreayurvedascf.com\/wp-content\/uploads\/2023\/06\/Captura-de-pantalla-2023-06-08-a-les-15.14.15-200x28.png 200w, https:\/\/www.centreayurvedascf.com\/wp-content\/uploads\/2023\/06\/Captura-de-pantalla-2023-06-08-a-les-15.14.15-400x56.png 400w, https:\/\/www.centreayurvedascf.com\/wp-content\/uploads\/2023\/06\/Captura-de-pantalla-2023-06-08-a-les-15.14.15-600x83.png 600w, https:\/\/www.centreayurvedascf.com\/wp-content\/uploads\/2023\/06\/Captura-de-pantalla-2023-06-08-a-les-15.14.15-800x111.png 800w, https:\/\/www.centreayurvedascf.com\/wp-content\/uploads\/2023\/06\/Captura-de-pantalla-2023-06-08-a-les-15.14.15-1200x167.png 1200w, https:\/\/www.centreayurvedascf.com\/wp-content\/uploads\/2023\/06\/Captura-de-pantalla-2023-06-08-a-les-15.14.15.png 2462w\" alt=\"\" width=\"2462\" height=\"342\" data-orig-src=\"https:\/\/www.centreayurvedascf.com\/wp-content\/uploads\/2023\/06\/Captura-de-pantalla-2023-06-08-a-les-15.14.15.png\" data-srcset=\"https:\/\/www.centreayurvedascf.com\/wp-content\/uploads\/2023\/06\/Captura-de-pantalla-2023-06-08-a-les-15.14.15-200x28.png 200w, https:\/\/www.centreayurvedascf.com\/wp-content\/uploads\/2023\/06\/Captura-de-pantalla-2023-06-08-a-les-15.14.15-400x56.png 400w, https:\/\/www.centreayurvedascf.com\/wp-content\/uploads\/2023\/06\/Captura-de-pantalla-2023-06-08-a-les-15.14.15-600x83.png 600w, https:\/\/www.centreayurvedascf.com\/wp-content\/uploads\/2023\/06\/Captura-de-pantalla-2023-06-08-a-les-15.14.15-800x111.png 800w, https:\/\/www.centreayurvedascf.com\/wp-content\/uploads\/2023\/06\/Captura-de-pantalla-2023-06-08-a-les-15.14.15-1200x167.png 1200w, https:\/\/www.centreayurvedascf.com\/wp-content\/uploads\/2023\/06\/Captura-de-pantalla-2023-06-08-a-les-15.14.15.png 2462w\" data-sizes=\"auto\" data-orig-sizes=\"(max-width: 1024px) 100vw, (max-width: 640px) 100vw, 1200px\"><\/span><\/p>\n<\/div><\/div><\/div><\/div><\/div>\n","protected":false},"excerpt":{"rendered":"","protected":false},"author":1,"featured_media":0,"parent":0,"menu_order":400,"comment_status":"closed","ping_status":"closed","template":"","meta":{"footnotes":""},"class_list":["post-1781","page","type-page","status-publish","hentry"],"yoast_head":"<!-- This site is optimized with the Yoast SEO plugin v27.4 - https:\/\/yoast.com\/product\/yoast-seo-wordpress\/ -->\n<title>Kit digital - CalSec Films<\/title>\n<meta name=\"robots\" content=\"noindex, nofollow\" \/>\n<meta property=\"og:locale\" content=\"ca_ES\" \/>\n<meta property=\"og:type\" content=\"article\" \/>\n<meta property=\"og:title\" content=\"Kit digital - CalSec Films\" \/>\n<meta property=\"og:url\" content=\"https:\/\/calsecfilms.com\/ca\/kit-digital\/\" \/>\n<meta property=\"og:site_name\" content=\"CalSec Films\" \/>\n<meta property=\"article:modified_time\" content=\"2024-01-26T09:22:15+00:00\" \/>\n<meta property=\"og:image\" content=\"https:\/\/www.centreayurvedascf.com\/wp-content\/uploads\/2023\/06\/Captura-de-pantalla-2023-06-08-a-les-15.14.15.png\" \/>\n<meta name=\"twitter:card\" content=\"summary_large_image\" \/>\n<meta name=\"twitter:label1\" content=\"Temps estimat de lectura\" \/>\n\t<meta name=\"twitter:data1\" content=\"1 minut\" \/>\n<script type=\"application\/ld+json\" class=\"yoast-schema-graph\">{\"@context\":\"https:\\\/\\\/schema.org\",\"@graph\":[{\"@type\":\"WebPage\",\"@id\":\"https:\\\/\\\/calsecfilms.com\\\/ca\\\/kit-digital\\\/\",\"url\":\"https:\\\/\\\/calsecfilms.com\\\/ca\\\/kit-digital\\\/\",\"name\":\"Kit digital - CalSec Films\",\"isPartOf\":{\"@id\":\"https:\\\/\\\/calsecfilms.com\\\/ca\\\/#website\"},\"primaryImageOfPage\":{\"@id\":\"https:\\\/\\\/calsecfilms.com\\\/ca\\\/kit-digital\\\/#primaryimage\"},\"image\":{\"@id\":\"https:\\\/\\\/calsecfilms.com\\\/ca\\\/kit-digital\\\/#primaryimage\"},\"thumbnailUrl\":\"https:\\\/\\\/www.centreayurvedascf.com\\\/wp-content\\\/uploads\\\/2023\\\/06\\\/Captura-de-pantalla-2023-06-08-a-les-15.14.15.png\",\"datePublished\":\"2023-10-02T09:26:16+00:00\",\"dateModified\":\"2024-01-26T09:22:15+00:00\",\"breadcrumb\":{\"@id\":\"https:\\\/\\\/calsecfilms.com\\\/ca\\\/kit-digital\\\/#breadcrumb\"},\"inLanguage\":\"ca\",\"potentialAction\":[{\"@type\":\"ReadAction\",\"target\":[\"https:\\\/\\\/calsecfilms.com\\\/ca\\\/kit-digital\\\/\"]}]},{\"@type\":\"ImageObject\",\"inLanguage\":\"ca\",\"@id\":\"https:\\\/\\\/calsecfilms.com\\\/ca\\\/kit-digital\\\/#primaryimage\",\"url\":\"https:\\\/\\\/www.centreayurvedascf.com\\\/wp-content\\\/uploads\\\/2023\\\/06\\\/Captura-de-pantalla-2023-06-08-a-les-15.14.15.png\",\"contentUrl\":\"https:\\\/\\\/www.centreayurvedascf.com\\\/wp-content\\\/uploads\\\/2023\\\/06\\\/Captura-de-pantalla-2023-06-08-a-les-15.14.15.png\"},{\"@type\":\"BreadcrumbList\",\"@id\":\"https:\\\/\\\/calsecfilms.com\\\/ca\\\/kit-digital\\\/#breadcrumb\",\"itemListElement\":[{\"@type\":\"ListItem\",\"position\":1,\"name\":\"Portada\",\"item\":\"https:\\\/\\\/calsecfilms.com\\\/ca\\\/\"},{\"@type\":\"ListItem\",\"position\":2,\"name\":\"Kit digital\"}]},{\"@type\":\"WebSite\",\"@id\":\"https:\\\/\\\/calsecfilms.com\\\/ca\\\/#website\",\"url\":\"https:\\\/\\\/calsecfilms.com\\\/ca\\\/\",\"name\":\"CalSec Films\",\"description\":\"Productora de cinema i teatre\",\"publisher\":{\"@id\":\"https:\\\/\\\/calsecfilms.com\\\/ca\\\/#organization\"},\"potentialAction\":[{\"@type\":\"SearchAction\",\"target\":{\"@type\":\"EntryPoint\",\"urlTemplate\":\"https:\\\/\\\/calsecfilms.com\\\/ca\\\/?s={search_term_string}\"},\"query-input\":{\"@type\":\"PropertyValueSpecification\",\"valueRequired\":true,\"valueName\":\"search_term_string\"}}],\"inLanguage\":\"ca\"},{\"@type\":\"Organization\",\"@id\":\"https:\\\/\\\/calsecfilms.com\\\/ca\\\/#organization\",\"name\":\"Calsec Films\",\"url\":\"https:\\\/\\\/calsecfilms.com\\\/ca\\\/\",\"logo\":{\"@type\":\"ImageObject\",\"inLanguage\":\"ca\",\"@id\":\"https:\\\/\\\/calsecfilms.com\\\/ca\\\/#\\\/schema\\\/logo\\\/image\\\/\",\"url\":\"https:\\\/\\\/calsecfilms.com\\\/wp-content\\\/uploads\\\/2023\\\/10\\\/cropped-calsec-films.png\",\"contentUrl\":\"https:\\\/\\\/calsecfilms.com\\\/wp-content\\\/uploads\\\/2023\\\/10\\\/cropped-calsec-films.png\",\"width\":512,\"height\":512,\"caption\":\"Calsec Films\"},\"image\":{\"@id\":\"https:\\\/\\\/calsecfilms.com\\\/ca\\\/#\\\/schema\\\/logo\\\/image\\\/\"}}]}<\/script>\n<!-- \/ Yoast SEO plugin. -->","yoast_head_json":{"title":"Kit digital - CalSec Films","robots":{"index":"noindex","follow":"nofollow"},"og_locale":"ca_ES","og_type":"article","og_title":"Kit digital - CalSec Films","og_url":"https:\/\/calsecfilms.com\/ca\/kit-digital\/","og_site_name":"CalSec Films","article_modified_time":"2024-01-26T09:22:15+00:00","og_image":[{"url":"https:\/\/www.centreayurvedascf.com\/wp-content\/uploads\/2023\/06\/Captura-de-pantalla-2023-06-08-a-les-15.14.15.png","type":"","width":"","height":""}],"twitter_card":"summary_large_image","twitter_misc":{"Temps estimat de lectura":"1 minut"},"schema":{"@context":"https:\/\/schema.org","@graph":[{"@type":"WebPage","@id":"https:\/\/calsecfilms.com\/ca\/kit-digital\/","url":"https:\/\/calsecfilms.com\/ca\/kit-digital\/","name":"Kit digital - CalSec Films","isPartOf":{"@id":"https:\/\/calsecfilms.com\/ca\/#website"},"primaryImageOfPage":{"@id":"https:\/\/calsecfilms.com\/ca\/kit-digital\/#primaryimage"},"image":{"@id":"https:\/\/calsecfilms.com\/ca\/kit-digital\/#primaryimage"},"thumbnailUrl":"https:\/\/www.centreayurvedascf.com\/wp-content\/uploads\/2023\/06\/Captura-de-pantalla-2023-06-08-a-les-15.14.15.png","datePublished":"2023-10-02T09:26:16+00:00","dateModified":"2024-01-26T09:22:15+00:00","breadcrumb":{"@id":"https:\/\/calsecfilms.com\/ca\/kit-digital\/#breadcrumb"},"inLanguage":"ca","potentialAction":[{"@type":"ReadAction","target":["https:\/\/calsecfilms.com\/ca\/kit-digital\/"]}]},{"@type":"ImageObject","inLanguage":"ca","@id":"https:\/\/calsecfilms.com\/ca\/kit-digital\/#primaryimage","url":"https:\/\/www.centreayurvedascf.com\/wp-content\/uploads\/2023\/06\/Captura-de-pantalla-2023-06-08-a-les-15.14.15.png","contentUrl":"https:\/\/www.centreayurvedascf.com\/wp-content\/uploads\/2023\/06\/Captura-de-pantalla-2023-06-08-a-les-15.14.15.png"},{"@type":"BreadcrumbList","@id":"https:\/\/calsecfilms.com\/ca\/kit-digital\/#breadcrumb","itemListElement":[{"@type":"ListItem","position":1,"name":"Portada","item":"https:\/\/calsecfilms.com\/ca\/"},{"@type":"ListItem","position":2,"name":"Kit digital"}]},{"@type":"WebSite","@id":"https:\/\/calsecfilms.com\/ca\/#website","url":"https:\/\/calsecfilms.com\/ca\/","name":"CalSec Films","description":"Productora de cinema i teatre","publisher":{"@id":"https:\/\/calsecfilms.com\/ca\/#organization"},"potentialAction":[{"@type":"SearchAction","target":{"@type":"EntryPoint","urlTemplate":"https:\/\/calsecfilms.com\/ca\/?s={search_term_string}"},"query-input":{"@type":"PropertyValueSpecification","valueRequired":true,"valueName":"search_term_string"}}],"inLanguage":"ca"},{"@type":"Organization","@id":"https:\/\/calsecfilms.com\/ca\/#organization","name":"Calsec Films","url":"https:\/\/calsecfilms.com\/ca\/","logo":{"@type":"ImageObject","inLanguage":"ca","@id":"https:\/\/calsecfilms.com\/ca\/#\/schema\/logo\/image\/","url":"https:\/\/calsecfilms.com\/wp-content\/uploads\/2023\/10\/cropped-calsec-films.png","contentUrl":"https:\/\/calsecfilms.com\/wp-content\/uploads\/2023\/10\/cropped-calsec-films.png","width":512,"height":512,"caption":"Calsec Films"},"image":{"@id":"https:\/\/calsecfilms.com\/ca\/#\/schema\/logo\/image\/"}}]}},"_links":{"self":[{"href":"https:\/\/calsecfilms.com\/ca\/wp-json\/wp\/v2\/pages\/1781","targetHints":{"allow":["GET"]}}],"collection":[{"href":"https:\/\/calsecfilms.com\/ca\/wp-json\/wp\/v2\/pages"}],"about":[{"href":"https:\/\/calsecfilms.com\/ca\/wp-json\/wp\/v2\/types\/page"}],"author":[{"embeddable":true,"href":"https:\/\/calsecfilms.com\/ca\/wp-json\/wp\/v2\/users\/1"}],"replies":[{"embeddable":true,"href":"https:\/\/calsecfilms.com\/ca\/wp-json\/wp\/v2\/comments?post=1781"}],"version-history":[{"count":9,"href":"https:\/\/calsecfilms.com\/ca\/wp-json\/wp\/v2\/pages\/1781\/revisions"}],"predecessor-version":[{"id":2517,"href":"https:\/\/calsecfilms.com\/ca\/wp-json\/wp\/v2\/pages\/1781\/revisions\/2517"}],"wp:attachment":[{"href":"https:\/\/calsecfilms.com\/ca\/wp-json\/wp\/v2\/media?parent=1781"}],"curies":[{"name":"wp","href":"https:\/\/api.w.org\/{rel}","templated":true}]}}